{"id":225,"date":"2019-03-26T14:10:51","date_gmt":"2019-03-26T13:10:51","guid":{"rendered":"http:\/\/www.travelka.pl\/?page_id=225"},"modified":"2020-03-20T11:52:00","modified_gmt":"2020-03-20T10:52:00","slug":"wakacje-z-biurem-czy-bez","status":"publish","type":"page","link":"https:\/\/www.travelka.pl\/index.php\/wakacje-z-biurem-czy-bez\/","title":{"rendered":"Wakacje z biurem czy bez?"},"content":{"rendered":"<p>Wakacje to czas odpoczynku, inspiracji, zadbania o siebie i czasu, kt\u00f3ry mo\u017cna dowolnie wykorzysta\u0107. By by\u0142y naprawd\u0119 udane warto wzi\u0105\u0107 pod uwag\u0119 par\u0119 istotnych rzeczy, kt\u00f3re zweryfikuj\u0105 nasz spos\u00f3b planowania. Mo\u017cna bowiem zorganizowa\u0107 wakacje z biurem lub bez. Wszystko zale\u017cy od indywidualnych preferencji i tego, co jest naszym priorytetem.<\/p>\n<h2>Kiedy najlepiej z biurem podr\u00f3\u017cy?<\/h2>\n<p>Je\u015bli planujemy wakacje w odleg\u0142e zak\u0105tki \u015bwiata, w takie, w kt\u00f3re nie dolatuj\u0105 tanie linie lotnicze, a wy\u017cywienie i transport do hotelu czy pensjonatu mo\u017ce stanowi\u0107 wyzwanie &#8211; najlepiej decydowa\u0107 si\u0119 wtedy na wczasy z biurem podr\u00f3\u017cy. Jak wiadomo bowiem, sprawdzone biuro podr\u00f3\u017cy ma swoich partner\u00f3w w\u015br\u00f3d przewo\u017anik\u00f3w, czy hotelarzy dlatego potrafi\u0105 oni wynegocjowa\u0107 najlepsze stawki za najdogodniejszy standard. Wtedy jednak trzeba pami\u0119ta\u0107 albo o poszukiwaniu ofert znacznie wcze\u015bniej, albo z dreszczykiem emocji i doz\u0105 elastyczno\u015bci. &#8211; na last minute.<\/p>\n<p>To tak\u017ce opcja dla podr\u00f3\u017cniczek, kt\u00f3re lubi\u0105 mie\u0107 wszystko zorganizowane wcze\u015bniej i nie chc\u0105 w wakacje mierzy\u0107 si\u0119 z kolejnymi wyzwaniami. Wtedy wykupienie wycieczki jest naj\u0142atwiejsz\u0105 opcj\u0105, kt\u00f3ra cenowo bardzo cz\u0119sto jest r\u00f3wnie korzystna co wakacje na w\u0142asn\u0105 r\u0119k\u0119.<\/p>\n<h2>Kiedy warto pomy\u015ble\u0107 samej o zorganizowaniu wakacji?<\/h2>\n<p>Wyjazd na samodzielnie zorganizowane wczasy to co\u015b dla tych kobiet, kt\u00f3re s\u0105 indywidualistkami i niekoniecznie lubi\u0105 je\u017adzi\u0107 tam, gdzie wszyscy i ogl\u0105da\u0107 to, co jest w programie. Takie wakacje jednak najlepiej sprawdz\u0105 si\u0119 w miejscach, do kt\u00f3rych dolatuj\u0105 tanie linie lotnicze, i w kt\u00f3rych wcze\u015bniej zabukujemy sobie dobry nocleg.<\/p>\n<p>Warto wtedy jak najwi\u0119cej dowiedzie\u0107 si\u0119 o danym kraju, kosztach transportu, mo\u017cliwo\u015bciach zwiedzania, czy ciekawych miejscach, aby co\u015b zje\u015b\u0107. Je\u015bli nie mamy sztywno okre\u015blonych preferencji co do danego kraju i miasta, mo\u017cna poszukiwa\u0107 r\u00f3\u017cnych rozwi\u0105za\u0144, z czego wiele mo\u017ce okaza\u0107 si\u0119 bardzo tanich i przyjemnych. \u0141atwiej jednak b\u0119dzie podr\u00f3\u017cowa\u0107 w ten spos\u00f3b poza sezonem, niezale\u017cnie od miejsca.<\/p>\n","protected":false},"excerpt":{"rendered":"<p>Wakacje to czas odpoczynku, inspiracji, zadbania o siebie i czasu, kt\u00f3ry mo\u017cna dowolnie wykorzysta\u0107. By by\u0142y naprawd\u0119 udane warto wzi\u0105\u0107 pod uwag\u0119 par\u0119 istotnych rzeczy, kt\u00f3re zweryfikuj\u0105 nasz spos\u00f3b planowania. Mo\u017cna bowiem zorganizowa\u0107 wakacje z biurem lub bez. Wszystko zale\u017cy od indywidualnych preferencji i tego, co jest naszym priorytetem. Kiedy najlepiej z biurem podr\u00f3\u017cy? Je\u015bli [&hellip;]<\/p>\n","protected":false},"author":11,"featured_media":224,"parent":0,"menu_order":0,"comment_status":"closed","ping_status":"closed","template":"","meta":{"footnotes":""},"class_list":["post-225","page","type-page","status-publish","has-post-thumbnail","hentry"],"yoast_head":"<!-- This site is optimized with the Yoast SEO plugin v27.3 - https:\/\/yoast.com\/product\/yoast-seo-wordpress\/ -->\n<title>Wakacje z biurem czy bez? - Travelka - babskie podr\u00f3\u017ce<\/title>\n<meta name=\"description\" content=\"By wakacje by\u0142y udane warto wzi\u0105\u0107 pod uwag\u0119 par\u0119 istotnych rzeczy. Mo\u017cna zorganizowa\u0107 je bez lub z biurem podr\u00f3\u017cy - jak najlepiej to zaplanowa\u0107?\" \/>\n<meta name=\"robots\" content=\"index, follow, max-snippet:-1, max-image-preview:large, max-video-preview:-1\" \/>\n<link rel=\"canonical\" href=\"https:\/\/www.travelka.pl\/index.php\/wakacje-z-biurem-czy-bez\/\" \/>\n<meta property=\"og:locale\" content=\"pl_PL\" \/>\n<meta property=\"og:type\" content=\"article\" \/>\n<meta property=\"og:title\" content=\"Wakacje z biurem czy bez? - Travelka - babskie podr\u00f3\u017ce\" \/>\n<meta property=\"og:description\" content=\"By wakacje by\u0142y udane warto wzi\u0105\u0107 pod uwag\u0119 par\u0119 istotnych rzeczy. Mo\u017cna zorganizowa\u0107 je bez lub z biurem podr\u00f3\u017cy - jak najlepiej to zaplanowa\u0107?\" \/>\n<meta property=\"og:url\" content=\"https:\/\/www.travelka.pl\/index.php\/wakacje-z-biurem-czy-bez\/\" \/>\n<meta property=\"og:site_name\" content=\"Travelka\" \/>\n<meta property=\"article:modified_time\" content=\"2020-03-20T10:52:00+00:00\" \/>\n<meta property=\"og:image\" content=\"https:\/\/www.travelka.pl\/wp-content\/uploads\/2019\/03\/wakacje-dla-kobiet.jpg\" \/>\n\t<meta property=\"og:image:width\" content=\"756\" \/>\n\t<meta property=\"og:image:height\" content=\"509\" \/>\n\t<meta property=\"og:image:type\" content=\"image\/jpeg\" \/>\n<meta name=\"twitter:label1\" content=\"Szacowany czas czytania\" \/>\n\t<meta name=\"twitter:data1\" content=\"2 minuty\" \/>\n<script type=\"application\/ld+json\" class=\"yoast-schema-graph\">{\"@context\":\"https:\\\/\\\/schema.org\",\"@graph\":[{\"@type\":\"WebPage\",\"@id\":\"https:\\\/\\\/www.travelka.pl\\\/index.php\\\/wakacje-z-biurem-czy-bez\\\/\",\"url\":\"https:\\\/\\\/www.travelka.pl\\\/index.php\\\/wakacje-z-biurem-czy-bez\\\/\",\"name\":\"Wakacje z biurem czy bez? - Travelka - babskie podr\u00f3\u017ce\",\"isPartOf\":{\"@id\":\"https:\\\/\\\/www.travelka.pl\\\/#website\"},\"primaryImageOfPage\":{\"@id\":\"https:\\\/\\\/www.travelka.pl\\\/index.php\\\/wakacje-z-biurem-czy-bez\\\/#primaryimage\"},\"image\":{\"@id\":\"https:\\\/\\\/www.travelka.pl\\\/index.php\\\/wakacje-z-biurem-czy-bez\\\/#primaryimage\"},\"thumbnailUrl\":\"https:\\\/\\\/www.travelka.pl\\\/wp-content\\\/uploads\\\/2019\\\/03\\\/wakacje-dla-kobiet.jpg\",\"datePublished\":\"2019-03-26T13:10:51+00:00\",\"dateModified\":\"2020-03-20T10:52:00+00:00\",\"description\":\"By wakacje by\u0142y udane warto wzi\u0105\u0107 pod uwag\u0119 par\u0119 istotnych rzeczy. Mo\u017cna zorganizowa\u0107 je bez lub z biurem podr\u00f3\u017cy - jak najlepiej to zaplanowa\u0107?\",\"breadcrumb\":{\"@id\":\"https:\\\/\\\/www.travelka.pl\\\/index.php\\\/wakacje-z-biurem-czy-bez\\\/#breadcrumb\"},\"inLanguage\":\"pl-PL\",\"potentialAction\":[{\"@type\":\"ReadAction\",\"target\":[\"https:\\\/\\\/www.travelka.pl\\\/index.php\\\/wakacje-z-biurem-czy-bez\\\/\"]}]},{\"@type\":\"ImageObject\",\"inLanguage\":\"pl-PL\",\"@id\":\"https:\\\/\\\/www.travelka.pl\\\/index.php\\\/wakacje-z-biurem-czy-bez\\\/#primaryimage\",\"url\":\"https:\\\/\\\/www.travelka.pl\\\/wp-content\\\/uploads\\\/2019\\\/03\\\/wakacje-dla-kobiet.jpg\",\"contentUrl\":\"https:\\\/\\\/www.travelka.pl\\\/wp-content\\\/uploads\\\/2019\\\/03\\\/wakacje-dla-kobiet.jpg\",\"width\":756,\"height\":509,\"caption\":\"Zorganizowane wakacje dla kobiet\"},{\"@type\":\"BreadcrumbList\",\"@id\":\"https:\\\/\\\/www.travelka.pl\\\/index.php\\\/wakacje-z-biurem-czy-bez\\\/#breadcrumb\",\"itemListElement\":[{\"@type\":\"ListItem\",\"position\":1,\"name\":\"Strona g\u0142\u00f3wna\",\"item\":\"https:\\\/\\\/www.travelka.pl\\\/\"},{\"@type\":\"ListItem\",\"position\":2,\"name\":\"Wakacje z biurem czy bez?\"}]},{\"@type\":\"WebSite\",\"@id\":\"https:\\\/\\\/www.travelka.pl\\\/#website\",\"url\":\"https:\\\/\\\/www.travelka.pl\\\/\",\"name\":\"Travelka\",\"description\":\"babskie podr\u00f3\u017ce\",\"potentialAction\":[{\"@type\":\"SearchAction\",\"target\":{\"@type\":\"EntryPoint\",\"urlTemplate\":\"https:\\\/\\\/www.travelka.pl\\\/?s={search_term_string}\"},\"query-input\":{\"@type\":\"PropertyValueSpecification\",\"valueRequired\":true,\"valueName\":\"search_term_string\"}}],\"inLanguage\":\"pl-PL\"}]}<\/script>\n<!-- \/ Yoast SEO plugin. -->","yoast_head_json":{"title":"Wakacje z biurem czy bez? - Travelka - babskie podr\u00f3\u017ce","description":"By wakacje by\u0142y udane warto wzi\u0105\u0107 pod uwag\u0119 par\u0119 istotnych rzeczy. Mo\u017cna zorganizowa\u0107 je bez lub z biurem podr\u00f3\u017cy - jak najlepiej to zaplanowa\u0107?","robots":{"index":"index","follow":"follow","max-snippet":"max-snippet:-1","max-image-preview":"max-image-preview:large","max-video-preview":"max-video-preview:-1"},"canonical":"https:\/\/www.travelka.pl\/index.php\/wakacje-z-biurem-czy-bez\/","og_locale":"pl_PL","og_type":"article","og_title":"Wakacje z biurem czy bez? - Travelka - babskie podr\u00f3\u017ce","og_description":"By wakacje by\u0142y udane warto wzi\u0105\u0107 pod uwag\u0119 par\u0119 istotnych rzeczy. Mo\u017cna zorganizowa\u0107 je bez lub z biurem podr\u00f3\u017cy - jak najlepiej to zaplanowa\u0107?","og_url":"https:\/\/www.travelka.pl\/index.php\/wakacje-z-biurem-czy-bez\/","og_site_name":"Travelka","article_modified_time":"2020-03-20T10:52:00+00:00","og_image":[{"width":756,"height":509,"url":"https:\/\/www.travelka.pl\/wp-content\/uploads\/2019\/03\/wakacje-dla-kobiet.jpg","type":"image\/jpeg"}],"twitter_misc":{"Szacowany czas czytania":"2 minuty"},"schema":{"@context":"https:\/\/schema.org","@graph":[{"@type":"WebPage","@id":"https:\/\/www.travelka.pl\/index.php\/wakacje-z-biurem-czy-bez\/","url":"https:\/\/www.travelka.pl\/index.php\/wakacje-z-biurem-czy-bez\/","name":"Wakacje z biurem czy bez? - Travelka - babskie podr\u00f3\u017ce","isPartOf":{"@id":"https:\/\/www.travelka.pl\/#website"},"primaryImageOfPage":{"@id":"https:\/\/www.travelka.pl\/index.php\/wakacje-z-biurem-czy-bez\/#primaryimage"},"image":{"@id":"https:\/\/www.travelka.pl\/index.php\/wakacje-z-biurem-czy-bez\/#primaryimage"},"thumbnailUrl":"https:\/\/www.travelka.pl\/wp-content\/uploads\/2019\/03\/wakacje-dla-kobiet.jpg","datePublished":"2019-03-26T13:10:51+00:00","dateModified":"2020-03-20T10:52:00+00:00","description":"By wakacje by\u0142y udane warto wzi\u0105\u0107 pod uwag\u0119 par\u0119 istotnych rzeczy. Mo\u017cna zorganizowa\u0107 je bez lub z biurem podr\u00f3\u017cy - jak najlepiej to zaplanowa\u0107?","breadcrumb":{"@id":"https:\/\/www.travelka.pl\/index.php\/wakacje-z-biurem-czy-bez\/#breadcrumb"},"inLanguage":"pl-PL","potentialAction":[{"@type":"ReadAction","target":["https:\/\/www.travelka.pl\/index.php\/wakacje-z-biurem-czy-bez\/"]}]},{"@type":"ImageObject","inLanguage":"pl-PL","@id":"https:\/\/www.travelka.pl\/index.php\/wakacje-z-biurem-czy-bez\/#primaryimage","url":"https:\/\/www.travelka.pl\/wp-content\/uploads\/2019\/03\/wakacje-dla-kobiet.jpg","contentUrl":"https:\/\/www.travelka.pl\/wp-content\/uploads\/2019\/03\/wakacje-dla-kobiet.jpg","width":756,"height":509,"caption":"Zorganizowane wakacje dla kobiet"},{"@type":"BreadcrumbList","@id":"https:\/\/www.travelka.pl\/index.php\/wakacje-z-biurem-czy-bez\/#breadcrumb","itemListElement":[{"@type":"ListItem","position":1,"name":"Strona g\u0142\u00f3wna","item":"https:\/\/www.travelka.pl\/"},{"@type":"ListItem","position":2,"name":"Wakacje z biurem czy bez?"}]},{"@type":"WebSite","@id":"https:\/\/www.travelka.pl\/#website","url":"https:\/\/www.travelka.pl\/","name":"Travelka","description":"babskie podr\u00f3\u017ce","potentialAction":[{"@type":"SearchAction","target":{"@type":"EntryPoint","urlTemplate":"https:\/\/www.travelka.pl\/?s={search_term_string}"},"query-input":{"@type":"PropertyValueSpecification","valueRequired":true,"valueName":"search_term_string"}}],"inLanguage":"pl-PL"}]}},"_links":{"self":[{"href":"https:\/\/www.travelka.pl\/index.php\/wp-json\/wp\/v2\/pages\/225","targetHints":{"allow":["GET"]}}],"collection":[{"href":"https:\/\/www.travelka.pl\/index.php\/wp-json\/wp\/v2\/pages"}],"about":[{"href":"https:\/\/www.travelka.pl\/index.php\/wp-json\/wp\/v2\/types\/page"}],"author":[{"embeddable":true,"href":"https:\/\/www.travelka.pl\/index.php\/wp-json\/wp\/v2\/users\/11"}],"replies":[{"embeddable":true,"href":"https:\/\/www.travelka.pl\/index.php\/wp-json\/wp\/v2\/comments?post=225"}],"version-history":[{"count":1,"href":"https:\/\/www.travelka.pl\/index.php\/wp-json\/wp\/v2\/pages\/225\/revisions"}],"predecessor-version":[{"id":227,"href":"https:\/\/www.travelka.pl\/index.php\/wp-json\/wp\/v2\/pages\/225\/revisions\/227"}],"wp:featuredmedia":[{"embeddable":true,"href":"https:\/\/www.travelka.pl\/index.php\/wp-json\/wp\/v2\/media\/224"}],"wp:attachment":[{"href":"https:\/\/www.travelka.pl\/index.php\/wp-json\/wp\/v2\/media?parent=225"}],"curies":[{"name":"wp","href":"https:\/\/api.w.org\/{rel}","templated":true}]}}